{"id":104,"date":"2025-08-18T07:59:21","date_gmt":"2025-08-18T07:59:21","guid":{"rendered":"http:\/\/192.168.1.2\/wordpress\/?page_id=104"},"modified":"2025-08-31T10:50:18","modified_gmt":"2025-08-31T10:50:18","slug":"wege","status":"publish","type":"page","link":"https:\/\/deutsche-aussenreinigung.de\/?page_id=104","title":{"rendered":"Wege"},"content":{"rendered":"\n<div class=\"wp-block-columns is-layout-flex wp-container-core-columns-is-layout-28f84493 wp-block-columns-is-layout-flex\">\n<div class=\"wp-block-column is-layout-flow wp-block-column-is-layout-flow\" style=\"flex-basis:66.66%\">\n<figure class=\"wp-block-image size-full\"><img loading=\"lazy\" decoding=\"async\" width=\"800\" height=\"533\" src=\"https:\/\/deutsche-aussenreinigung.de\/wp-content\/uploads\/2025\/08\/stone-cleaner.jpg\" alt=\"\" class=\"wp-image-14\" srcset=\"https:\/\/deutsche-aussenreinigung.de\/wp-content\/uploads\/2025\/08\/stone-cleaner.jpg 800w, https:\/\/deutsche-aussenreinigung.de\/wp-content\/uploads\/2025\/08\/stone-cleaner-300x200.jpg 300w, https:\/\/deutsche-aussenreinigung.de\/wp-content\/uploads\/2025\/08\/stone-cleaner-768x512.jpg 768w\" sizes=\"auto, (max-width: 800px) 100vw, 800px\" \/><\/figure>\n<\/div>\n\n\n\n<div class=\"wp-block-column is-layout-flow wp-block-column-is-layout-flow\" style=\"flex-basis:33.33%\">\n<p>Alle Wege f\u00fchren nach Rom?<br>Nicht ganz, denn in Ihrem Domizil f\u00fchren Sie zu Ihren Geb\u00e4uden!<\/p>\n\n\n\n<p>Es ist nicht nur sch\u00f6n anzuschauen , sondern sorgt auch f\u00fcr Sicherheit wenn Ihre Wege in<br>sauberem gepflegten Zustand sind. Denn Moose, Algen oder gar lose Platten und Steine sind<br>nicht nur st\u00f6rend, sondern k\u00f6nnen auch zu Ausrutschern un Hinfallern f\u00fchren.<br>Daher k\u00fcmmern wir uns ganz besonders um Ihre kleinen Strassen. Wir reinigen und versiegeln diese<br>nicht nur, sondern f\u00fchren wenn n\u00f6tig auch kleinere Reparaturen durch.<\/p>\n<\/div>\n<\/div>\n","protected":false},"excerpt":{"rendered":"<p>Alle Wege f\u00fchren nach Rom?Nicht ganz, denn in Ihrem Domizil f\u00fchren Sie zu Ihren Geb\u00e4uden! Es ist nicht nur sch\u00f6n anzuschauen , sondern sorgt auch f\u00fcr Sicherheit wenn Ihre Wege insauberem gepflegten Zustand sind. Denn Moose, Algen oder gar lose Platten und Steine sindnicht nur st\u00f6rend, sondern k\u00f6nnen auch zu Ausrutschern un Hinfallern f\u00fchren.Daher k\u00fcmmern [&hellip;]<\/p>\n","protected":false},"author":1,"featured_media":0,"parent":34,"menu_order":0,"comment_status":"closed","ping_status":"closed","template":"","meta":{"footnotes":""},"class_list":["post-104","page","type-page","status-publish","hentry"],"_links":{"self":[{"href":"https:\/\/deutsche-aussenreinigung.de\/index.php?rest_route=\/wp\/v2\/pages\/104","targetHints":{"allow":["GET"]}}],"collection":[{"href":"https:\/\/deutsche-aussenreinigung.de\/index.php?rest_route=\/wp\/v2\/pages"}],"about":[{"href":"https:\/\/deutsche-aussenreinigung.de\/index.php?rest_route=\/wp\/v2\/types\/page"}],"author":[{"embeddable":true,"href":"https:\/\/deutsche-aussenreinigung.de\/index.php?rest_route=\/wp\/v2\/users\/1"}],"replies":[{"embeddable":true,"href":"https:\/\/deutsche-aussenreinigung.de\/index.php?rest_route=%2Fwp%2Fv2%2Fcomments&post=104"}],"version-history":[{"count":1,"href":"https:\/\/deutsche-aussenreinigung.de\/index.php?rest_route=\/wp\/v2\/pages\/104\/revisions"}],"predecessor-version":[{"id":137,"href":"https:\/\/deutsche-aussenreinigung.de\/index.php?rest_route=\/wp\/v2\/pages\/104\/revisions\/137"}],"up":[{"embeddable":true,"href":"https:\/\/deutsche-aussenreinigung.de\/index.php?rest_route=\/wp\/v2\/pages\/34"}],"wp:attachment":[{"href":"https:\/\/deutsche-aussenreinigung.de\/index.php?rest_route=%2Fwp%2Fv2%2Fmedia&parent=104"}],"curies":[{"name":"wp","href":"https:\/\/api.w.org\/{rel}","templated":true}]}}