{"id":120,"date":"2025-08-18T08:40:13","date_gmt":"2025-08-18T08:40:13","guid":{"rendered":"http:\/\/192.168.1.2\/wordpress\/?page_id=119"},"modified":"2025-08-31T11:30:16","modified_gmt":"2025-08-31T11:30:16","slug":"solar","status":"publish","type":"page","link":"https:\/\/deutsche-aussenreinigung.de\/?page_id=120","title":{"rendered":"Solar &amp; Photovoltaik"},"content":{"rendered":"\n<div class=\"wp-block-columns is-layout-flex wp-container-core-columns-is-layout-28f84493 wp-block-columns-is-layout-flex\">\n<div class=\"wp-block-column is-layout-flow wp-block-column-is-layout-flow\" style=\"flex-basis:66.66%\">\n<figure class=\"wp-block-image size-full\"><img loading=\"lazy\" decoding=\"async\" width=\"600\" height=\"400\" src=\"https:\/\/deutsche-aussenreinigung.de\/wp-content\/uploads\/2025\/08\/solar-cleaning.webp\" alt=\"\" class=\"wp-image-7\" srcset=\"https:\/\/deutsche-aussenreinigung.de\/wp-content\/uploads\/2025\/08\/solar-cleaning.webp 600w, https:\/\/deutsche-aussenreinigung.de\/wp-content\/uploads\/2025\/08\/solar-cleaning-300x200.webp 300w\" sizes=\"auto, (max-width: 600px) 100vw, 600px\" \/><\/figure>\n<\/div>\n\n\n\n<div class=\"wp-block-column is-layout-flow wp-block-column-is-layout-flow\" style=\"flex-basis:33.33%\">\n<p>Nicht nur wegen dem besseren Aussehen sollten die Anlagen regelm\u00e4\u00dfig gereinigt werden. Durch die Verschmutzungen kann der Stromertrag um bis zu 30 Prozent sinken. Eine gr\u00fcndliche, professionelle Reinigung ist n\u00f6tig, und das gilt nicht nur f\u00fcr die Fl\u00e4chen der Solarkollektoren. An den \u00dcberg\u00e4ngen zwischen Glas und Rahmen setzen sich Ablagerungen fest, die mit der Zeit zu fl\u00e4chendeckender Moos- und Flechtenbildung f\u00fchren k\u00f6nnen. Die fachgerechte Reinigung der Solaranlage erfordert aufgrund der starken Verschmutzung zum einen die passende Reinigungstechnik.<\/p>\n<\/div>\n<\/div>\n\n\n\n<p><\/p>\n","protected":false},"excerpt":{"rendered":"<p>Nicht nur wegen dem besseren Aussehen sollten die Anlagen regelm\u00e4\u00dfig gereinigt werden. Durch die Verschmutzungen kann der Stromertrag um bis zu 30 Prozent sinken. Eine gr\u00fcndliche, professionelle Reinigung ist n\u00f6tig, und das gilt nicht nur f\u00fcr die Fl\u00e4chen der Solarkollektoren. An den \u00dcberg\u00e4ngen zwischen Glas und Rahmen setzen sich Ablagerungen fest, die mit der Zeit [&hellip;]<\/p>\n","protected":false},"author":1,"featured_media":0,"parent":34,"menu_order":0,"comment_status":"closed","ping_status":"closed","template":"","meta":{"footnotes":""},"class_list":["post-120","page","type-page","status-publish","hentry"],"_links":{"self":[{"href":"https:\/\/deutsche-aussenreinigung.de\/index.php?rest_route=\/wp\/v2\/pages\/120","targetHints":{"allow":["GET"]}}],"collection":[{"href":"https:\/\/deutsche-aussenreinigung.de\/index.php?rest_route=\/wp\/v2\/pages"}],"about":[{"href":"https:\/\/deutsche-aussenreinigung.de\/index.php?rest_route=\/wp\/v2\/types\/page"}],"author":[{"embeddable":true,"href":"https:\/\/deutsche-aussenreinigung.de\/index.php?rest_route=\/wp\/v2\/users\/1"}],"replies":[{"embeddable":true,"href":"https:\/\/deutsche-aussenreinigung.de\/index.php?rest_route=%2Fwp%2Fv2%2Fcomments&post=120"}],"version-history":[{"count":1,"href":"https:\/\/deutsche-aussenreinigung.de\/index.php?rest_route=\/wp\/v2\/pages\/120\/revisions"}],"predecessor-version":[{"id":164,"href":"https:\/\/deutsche-aussenreinigung.de\/index.php?rest_route=\/wp\/v2\/pages\/120\/revisions\/164"}],"up":[{"embeddable":true,"href":"https:\/\/deutsche-aussenreinigung.de\/index.php?rest_route=\/wp\/v2\/pages\/34"}],"wp:attachment":[{"href":"https:\/\/deutsche-aussenreinigung.de\/index.php?rest_route=%2Fwp%2Fv2%2Fmedia&parent=120"}],"curies":[{"name":"wp","href":"https:\/\/api.w.org\/{rel}","templated":true}]}}