{"id":174,"date":"2025-08-31T11:51:09","date_gmt":"2025-08-31T11:51:09","guid":{"rendered":"https:\/\/deutsche-aussenreinigung.de\/?page_id=174"},"modified":"2025-08-31T11:51:09","modified_gmt":"2025-08-31T11:51:09","slug":"umweltschutz-abfallbeseitigung","status":"publish","type":"page","link":"https:\/\/deutsche-aussenreinigung.de\/?page_id=174","title":{"rendered":"Umweltschutz &amp; Abfallbeseitigung"},"content":{"rendered":"\n<p>Wir setzen ausschlie\u00dflich nachhaltige Produkte ein, welche die Umwelt nicht oder nur sehr gering Belasten. Denn beim umweltfreundlichen Reinigen gilt eine Faustregel:<br>Sparsamer dosieren und weniger Reinigungsmittel verwenden ist das A und O.<\/p>\n\n\n\n<p>Anstelle der aggressiven Mittel ist es sinnvoll mit B\u00fcrsten, Saugglocken und Schw\u00e4mmen den Dreck weg zu schrubben. Wir setzten daher auf mechanische Reinigung mittels unserer Spezialmaschinen. Einwegt\u00fccher oder Einweg-Wedel zum Putzen produzieren unn\u00f6tigen M\u00fcll.<\/p>\n\n\n\n<p>Die richtige Abfallentsorgung sorgt f\u00fcr einen umweltschonenden Praxisbetrieb. Wir entsorgen unsere Abf\u00e4lle nachhaltig und Umweltbewusst.<\/p>\n\n\n\n<p><\/p>\n","protected":false},"excerpt":{"rendered":"<p>Wir setzen ausschlie\u00dflich nachhaltige Produkte ein, welche die Umwelt nicht oder nur sehr gering Belasten. Denn beim umweltfreundlichen Reinigen gilt eine Faustregel:Sparsamer dosieren und weniger Reinigungsmittel verwenden ist das A und O. Anstelle der aggressiven Mittel ist es sinnvoll mit B\u00fcrsten, Saugglocken und Schw\u00e4mmen den Dreck weg zu schrubben. Wir setzten daher auf mechanische Reinigung [&hellip;]<\/p>\n","protected":false},"author":1,"featured_media":0,"parent":0,"menu_order":0,"comment_status":"closed","ping_status":"closed","template":"","meta":{"footnotes":""},"class_list":["post-174","page","type-page","status-publish","hentry"],"_links":{"self":[{"href":"https:\/\/deutsche-aussenreinigung.de\/index.php?rest_route=\/wp\/v2\/pages\/174","targetHints":{"allow":["GET"]}}],"collection":[{"href":"https:\/\/deutsche-aussenreinigung.de\/index.php?rest_route=\/wp\/v2\/pages"}],"about":[{"href":"https:\/\/deutsche-aussenreinigung.de\/index.php?rest_route=\/wp\/v2\/types\/page"}],"author":[{"embeddable":true,"href":"https:\/\/deutsche-aussenreinigung.de\/index.php?rest_route=\/wp\/v2\/users\/1"}],"replies":[{"embeddable":true,"href":"https:\/\/deutsche-aussenreinigung.de\/index.php?rest_route=%2Fwp%2Fv2%2Fcomments&post=174"}],"version-history":[{"count":1,"href":"https:\/\/deutsche-aussenreinigung.de\/index.php?rest_route=\/wp\/v2\/pages\/174\/revisions"}],"predecessor-version":[{"id":176,"href":"https:\/\/deutsche-aussenreinigung.de\/index.php?rest_route=\/wp\/v2\/pages\/174\/revisions\/176"}],"wp:attachment":[{"href":"https:\/\/deutsche-aussenreinigung.de\/index.php?rest_route=%2Fwp%2Fv2%2Fmedia&parent=174"}],"curies":[{"name":"wp","href":"https:\/\/api.w.org\/{rel}","templated":true}]}}