{"id":97,"date":"2025-08-18T07:35:35","date_gmt":"2025-08-18T07:35:35","guid":{"rendered":"http:\/\/192.168.1.2\/wordpress\/?page_id=97"},"modified":"2025-08-31T10:47:05","modified_gmt":"2025-08-31T10:47:05","slug":"dacher","status":"publish","type":"page","link":"https:\/\/deutsche-aussenreinigung.de\/?page_id=97","title":{"rendered":"D\u00e4cher"},"content":{"rendered":"\n<div class=\"wp-block-columns is-layout-flex wp-container-core-columns-is-layout-28f84493 wp-block-columns-is-layout-flex\">\n<div class=\"wp-block-column is-layout-flow wp-block-column-is-layout-flow\" style=\"flex-basis:66.66%\">\n<figure class=\"wp-block-image size-full\"><img loading=\"lazy\" decoding=\"async\" width=\"848\" height=\"480\" src=\"https:\/\/deutsche-aussenreinigung.de\/wp-content\/uploads\/2025\/08\/rooftop-3.jpg\" alt=\"\" class=\"wp-image-23\" srcset=\"https:\/\/deutsche-aussenreinigung.de\/wp-content\/uploads\/2025\/08\/rooftop-3.jpg 848w, https:\/\/deutsche-aussenreinigung.de\/wp-content\/uploads\/2025\/08\/rooftop-3-300x170.jpg 300w, https:\/\/deutsche-aussenreinigung.de\/wp-content\/uploads\/2025\/08\/rooftop-3-768x435.jpg 768w\" sizes=\"auto, (max-width: 848px) 100vw, 848px\" \/><\/figure>\n<\/div>\n\n\n\n<div class=\"wp-block-column is-layout-flow wp-block-column-is-layout-flow\" style=\"flex-basis:33.33%\">\n<p><\/p>\n\n\n\n<p>Ein sauberes Dach sieht nicht nur gepflegt aus, es bleibt auch l\u00e4nger dicht und intakt.<br>Moose, Algen und Bakterien mach Ihrem Dach \u00fcber die Jahre zu schaffen und k\u00f6nnen <br>verantwortlich f\u00fcr Undichtigkeiten und br\u00fcchige Dachziegel sein.<br>Wir schaffen das Problem aus der Welt. Mit schonender hochdruckfreier Reinigung und<br>Langzeit-Versiegelung haben Sie viel l\u00e4nger Freude an Ihrem Dach.<\/p>\n<\/div>\n<\/div>\n","protected":false},"excerpt":{"rendered":"<p>Ein sauberes Dach sieht nicht nur gepflegt aus, es bleibt auch l\u00e4nger dicht und intakt.Moose, Algen und Bakterien mach Ihrem Dach \u00fcber die Jahre zu schaffen und k\u00f6nnen verantwortlich f\u00fcr Undichtigkeiten und br\u00fcchige Dachziegel sein.Wir schaffen das Problem aus der Welt. Mit schonender hochdruckfreier Reinigung undLangzeit-Versiegelung haben Sie viel l\u00e4nger Freude an Ihrem Dach.<\/p>\n","protected":false},"author":1,"featured_media":0,"parent":34,"menu_order":0,"comment_status":"closed","ping_status":"closed","template":"","meta":{"footnotes":""},"class_list":["post-97","page","type-page","status-publish","hentry"],"_links":{"self":[{"href":"https:\/\/deutsche-aussenreinigung.de\/index.php?rest_route=\/wp\/v2\/pages\/97","targetHints":{"allow":["GET"]}}],"collection":[{"href":"https:\/\/deutsche-aussenreinigung.de\/index.php?rest_route=\/wp\/v2\/pages"}],"about":[{"href":"https:\/\/deutsche-aussenreinigung.de\/index.php?rest_route=\/wp\/v2\/types\/page"}],"author":[{"embeddable":true,"href":"https:\/\/deutsche-aussenreinigung.de\/index.php?rest_route=\/wp\/v2\/users\/1"}],"replies":[{"embeddable":true,"href":"https:\/\/deutsche-aussenreinigung.de\/index.php?rest_route=%2Fwp%2Fv2%2Fcomments&post=97"}],"version-history":[{"count":1,"href":"https:\/\/deutsche-aussenreinigung.de\/index.php?rest_route=\/wp\/v2\/pages\/97\/revisions"}],"predecessor-version":[{"id":136,"href":"https:\/\/deutsche-aussenreinigung.de\/index.php?rest_route=\/wp\/v2\/pages\/97\/revisions\/136"}],"up":[{"embeddable":true,"href":"https:\/\/deutsche-aussenreinigung.de\/index.php?rest_route=\/wp\/v2\/pages\/34"}],"wp:attachment":[{"href":"https:\/\/deutsche-aussenreinigung.de\/index.php?rest_route=%2Fwp%2Fv2%2Fmedia&parent=97"}],"curies":[{"name":"wp","href":"https:\/\/api.w.org\/{rel}","templated":true}]}}